{"id":321,"date":"2026-02-17T21:24:57","date_gmt":"2026-02-17T21:24:57","guid":{"rendered":"https:\/\/celinemoritz.fr\/?page_id=321"},"modified":"2026-02-17T22:18:09","modified_gmt":"2026-02-17T22:18:09","slug":"mentions-legales","status":"publish","type":"page","link":"https:\/\/celinemoritz.fr\/index.php\/mentions-legales\/","title":{"rendered":"Mentions l\u00e9gales"},"content":{"rendered":"\t\t<div data-elementor-type=\"wp-page\" data-elementor-id=\"321\" class=\"elementor elementor-321\" data-elementor-post-type=\"page\">\n\t\t\t\t<div class=\"elementor-element elementor-element-440823f e-flex e-con-boxed e-con e-parent\" data-id=\"440823f\" data-element_type=\"container\" data-e-type=\"container\">\n\t\t\t\t\t<div class=\"e-con-inner\">\n\t\t\t\t<div class=\"elementor-element elementor-element-b1478fa elementor-widget elementor-widget-heading\" data-id=\"b1478fa\" data-element_type=\"widget\" data-e-type=\"widget\" data-widget_type=\"heading.default\">\n\t\t\t\t\t<h2 class=\"elementor-heading-title elementor-size-default\">Mentions l\u00e9gales<\/h2>\t\t\t\t<\/div>\n\t\t\t\t<div class=\"elementor-element elementor-element-2b15e6e elementor-widget elementor-widget-text-editor\" data-id=\"2b15e6e\" data-element_type=\"widget\" data-e-type=\"widget\" data-widget_type=\"text-editor.default\">\n\t\t\t\t\t\t\t\t\t<p style=\"font-weight: 400;\"><strong>IDENTIFICATION<\/strong><\/p><p style=\"font-weight: 400;\">Le site internet <a href=\"https:\/\/celinemoritz.fr\">https:\/\/celinemoritz.fr<\/a> est \u00e9dit\u00e9 par C\u00e9line MORITZ. Son si\u00e8ge social est situ\u00e9 XXX.<\/p><p style=\"font-weight: 400;\"><u>SIRET<\/u> : XXX<br \/><u>Directrice de la publication<\/u> : Madame C\u00e9line MORITZ<br \/><u>Adresse e-mail<\/u>\u00a0:\u00a0XXX<br \/><u>T\u00e9l\u00e9phone<\/u> : XXX<\/p><p style=\"font-weight: 400;\"><strong>H\u00c9BERGEUR<\/strong><\/p><p style=\"font-weight: 400;\">L\u2019h\u00e9bergeur du site est OVH SAS 2 rue Kellermann &#8211; 59100 Roubaix &#8211; France \u00a0\u2013 FRANCE.\u00a0<\/p><p style=\"font-weight: 400;\"><strong>PROPRI\u00c9T\u00c9 INTELLECTUELLE<\/strong><\/p><p style=\"font-weight: 400;\">Sont la propri\u00e9t\u00e9 exclusive de C\u00e9line MORITZ : l\u2019ensemble des \u00e9l\u00e9ments figurant sur le site de <a href=\"https:\/\/celinemoritz.fr\">https:\/\/celinemoritz.fr<\/a> (notamment les marques, logos, dessins, graphismes, chartes graphiques, ic\u00f4nes, textes, application, scripts, fonctionnalit\u00e9s ainsi que leur s\u00e9lection ou combinaison apparaissant \u00e0 l\u2019adresse www.celinemoritz.fr ou sur les sous-domaines associ\u00e9s et les autres domaines du site internet).<\/p><p style=\"font-weight: 400;\">L\u2019acc\u00e8s au site n\u2019entra\u00eene aucune cession des droits susvis\u00e9s. Ils font l\u2019objet de protection au titre des droits de propri\u00e9t\u00e9 intellectuelle et industrielle applicables. C\u00e9line MORITZ conf\u00e8re \u00e0 l\u2019utilisateur un droit d\u2019usage personnel, non cessible, non exclusif du site uniquement sous forme num\u00e9rique et aux fins de visualisation des pages consult\u00e9es. Ledit droit porte sur l\u2019ensemble des \u00e9l\u00e9ments du site qui n\u2019entra\u00eene aucune cession des droits vis\u00e9s ci-dessus.<\/p><p style=\"font-weight: 400;\">A ce titre, l\u2019utilisateur s\u2019interdit tout usage contraire \u00e0 leur destination, \u00e0 savoir l\u2019utilisation normale du site, notamment de copier, reproduire, modifier, distribuer, afficher ou vendre, par quelque proc\u00e9d\u00e9 ou forme que ce soit, en tout ou partie, tout \u00e9l\u00e9ment du site ou se rapportant \u00e0 celui-ci, et pour toute autre finalit\u00e9 y compris \u00e0 titre commercial, sans l\u2019autorisation pr\u00e9alable de C\u00e9line MORITZ.<\/p><p style=\"font-weight: 400;\">En cas d\u2019utilisation ill\u00e9gale ou non autoris\u00e9e du site, C\u00e9line MORITZ se r\u00e9serve le droit de prendre toute mesure ad\u00e9quate qu\u2019elle estime n\u00e9cessaire et, le cas \u00e9ch\u00e9ant, d\u2019intenter toute action en justice appropri\u00e9e, et\/ou signaler l\u2019infraction aux autorit\u00e9s judiciaires et de police.<\/p><p style=\"font-weight: 400;\"><strong>PROTECTION DES DONN\u00c9ES PERSONNELLES ET COOKIES<\/strong><\/p><p style=\"font-weight: 400;\">C\u00e9line MORITZ s\u2019engage \u00e0 prot\u00e9ger les informations personnelles et la vie priv\u00e9e de ses clients, visiteurs du Site internet et de toute personne utilisant ses Services de mani\u00e8re g\u00e9n\u00e9rale.<\/p><p style=\"font-weight: 400;\">Conform\u00e9ment au R\u00e8glement (UE) 2016\/679 relatif \u00e0 la protection des donn\u00e9es \u00e0 caract\u00e8re personnel, vous disposez du droit de demander au responsable du traitement l\u2019acc\u00e8s aux donn\u00e9es \u00e0 caract\u00e8re personnel vous concernant, la rectification ou l\u2019effacement de celles-ci, la limitation du traitement de vos donn\u00e9es personnelles.<\/p><p style=\"font-weight: 400;\"><strong>LIEN HYPERTEXTE<\/strong><\/p><p style=\"font-weight: 400;\">C\u00e9line MORITZ ne saurait \u00eatre tenue responsable de la politique de protection des donn\u00e9es personnelles de ces sites. En aucun cas, l\u2019existence d\u2019un lien hypertexte entre C\u00e9line MORITZ et un site tiers ne signifie un contr\u00f4le ni une influence sur le contenu du site tiers par C\u00e9line MORITZ.<\/p><p style=\"font-weight: 400;\">Les liens hypertextes pr\u00e9sents sur le site et renvoyant \u00e0 un site Internet tiers ne sauraient engager la responsabilit\u00e9 de C\u00e9line MORITZ. C\u00e9line MORITZ n\u2019exer\u00e7ant aucun contr\u00f4le et n\u2019ayant aucune ma\u00eetrise sur le contenu de tout site tiers, vous y acc\u00e9dez sous votre propre responsabilit\u00e9. C\u00e9line MORITZ ne saurait en aucun cas \u00eatre tenue responsable du contenu ainsi que des produits ou services propos\u00e9s sur tout site tiers.<\/p><p style=\"font-weight: 400;\"><strong>DROIT APPLICABLE<\/strong><\/p><p style=\"font-weight: 400;\">Le pr\u00e9sent site et ses mentions l\u00e9gales sont soumis au droit fran\u00e7ais.<\/p>\t\t\t\t\t\t\t\t<\/div>\n\t\t\t\t<div class=\"elementor-element elementor-element-b0021c4 elementor-align-left elementor-widget__width-initial elementor-widget-mobile__width-inherit elementor-widget elementor-widget-button\" data-id=\"b0021c4\" data-element_type=\"widget\" data-e-type=\"widget\" data-widget_type=\"button.default\">\n\t\t\t\t\t\t\t\t\t\t<a class=\"elementor-button elementor-button-link elementor-size-sm\" href=\"https:\/\/celinemoritz.fr\/index.php\/accueil\/\">\n\t\t\t\t\t\t<span class=\"elementor-button-content-wrapper\">\n\t\t\t\t\t\t<span class=\"elementor-button-icon\">\n\t\t\t\t<svg aria-hidden=\"true\" class=\"e-font-icon-svg e-fas-home\" viewBox=\"0 0 576 512\" xmlns=\"http:\/\/www.w3.org\/2000\/svg\"><path d=\"M280.37 148.26L96 300.11V464a16 16 0 0 0 16 16l112.06-.29a16 16 0 0 0 15.92-16V368a16 16 0 0 1 16-16h64a16 16 0 0 1 16 16v95.64a16 16 0 0 0 16 16.05L464 480a16 16 0 0 0 16-16V300L295.67 148.26a12.19 12.19 0 0 0-15.3 0zM571.6 251.47L488 182.56V44.05a12 12 0 0 0-12-12h-56a12 12 0 0 0-12 12v72.61L318.47 43a48 48 0 0 0-61 0L4.34 251.47a12 12 0 0 0-1.6 16.9l25.5 31A12 12 0 0 0 45.15 301l235.22-193.74a12.19 12.19 0 0 1 15.3 0L530.9 301a12 12 0 0 0 16.9-1.6l25.5-31a12 12 0 0 0-1.7-16.93z\"><\/path><\/svg>\t\t\t<\/span>\n\t\t\t\t\t\t\t\t\t<span class=\"elementor-button-text\">Retourner \u00e0 l'accueil<\/span>\n\t\t\t\t\t<\/span>\n\t\t\t\t\t<\/a>\n\t\t\t\t\t\t\t\t<\/div>\n\t\t\t\t\t<\/div>\n\t\t\t\t<\/div>\n\t\t<div class=\"elementor-element elementor-element-18f12da e-flex e-con-boxed e-con e-parent\" data-id=\"18f12da\" data-element_type=\"container\" data-e-type=\"container\">\n\t\t\t\t\t<div class=\"e-con-inner\">\n\t\t<div class=\"elementor-element elementor-element-f115c97 e-con-full e-flex e-con e-child\" data-id=\"f115c97\" data-element_type=\"container\" data-e-type=\"container\">\n\t\t\t\t<div class=\"elementor-element elementor-element-99ee09d elementor-widget__width-auto elementor-widget elementor-widget-heading\" data-id=\"99ee09d\" data-element_type=\"widget\" data-e-type=\"widget\" data-widget_type=\"heading.default\">\n\t\t\t\t\t<p class=\"elementor-heading-title elementor-size-default\"><a href=\"https:\/\/celinemoritz.fr\/index.php\/mentions-legales\/\">\u00a9 2026 C\u00e9line, Aide \u00e0 domicile, Tous droits r\u00e9serv\u00e9s.<\/a><\/p>\t\t\t\t<\/div>\n\t\t\t\t<\/div>\n\t\t\t\t\t<\/div>\n\t\t\t\t<\/div>\n\t\t\t\t<\/div>\n\t\t","protected":false},"excerpt":{"rendered":"<p>Mentions l\u00e9gales IDENTIFICATION Le site internet https:\/\/celinemoritz.fr est \u00e9dit\u00e9 par C\u00e9line MORITZ. Son si\u00e8ge social est situ\u00e9 XXX. SIRET : XXXDirectrice de la publication : Madame C\u00e9line MORITZAdresse e-mail\u00a0:\u00a0XXXT\u00e9l\u00e9phone : XXX H\u00c9BERGEUR L\u2019h\u00e9bergeur du site est OVH SAS 2 rue Kellermann &#8211; 59100 Roubaix &#8211; France \u00a0\u2013 FRANCE.\u00a0 PROPRI\u00c9T\u00c9 INTELLECTUELLE Sont la propri\u00e9t\u00e9 exclusive de [&hellip;]<\/p>\n","protected":false},"author":1,"featured_media":0,"parent":0,"menu_order":0,"comment_status":"closed","ping_status":"closed","template":"","meta":{"footnotes":""},"class_list":["post-321","page","type-page","status-publish","hentry"],"jetpack_sharing_enabled":true,"_links":{"self":[{"href":"https:\/\/celinemoritz.fr\/index.php\/wp-json\/wp\/v2\/pages\/321","targetHints":{"allow":["GET"]}}],"collection":[{"href":"https:\/\/celinemoritz.fr\/index.php\/wp-json\/wp\/v2\/pages"}],"about":[{"href":"https:\/\/celinemoritz.fr\/index.php\/wp-json\/wp\/v2\/types\/page"}],"author":[{"embeddable":true,"href":"https:\/\/celinemoritz.fr\/index.php\/wp-json\/wp\/v2\/users\/1"}],"replies":[{"embeddable":true,"href":"https:\/\/celinemoritz.fr\/index.php\/wp-json\/wp\/v2\/comments?post=321"}],"version-history":[{"count":17,"href":"https:\/\/celinemoritz.fr\/index.php\/wp-json\/wp\/v2\/pages\/321\/revisions"}],"predecessor-version":[{"id":484,"href":"https:\/\/celinemoritz.fr\/index.php\/wp-json\/wp\/v2\/pages\/321\/revisions\/484"}],"wp:attachment":[{"href":"https:\/\/celinemoritz.fr\/index.php\/wp-json\/wp\/v2\/media?parent=321"}],"curies":[{"name":"wp","href":"https:\/\/api.w.org\/{rel}","templated":true}]}}